{"id":104368,"date":"2025-08-12T08:26:36","date_gmt":"2025-08-12T08:26:36","guid":{"rendered":"https:\/\/www.egypttoursplus.com\/?page_id=104368"},"modified":"2025-10-14T06:53:57","modified_gmt":"2025-10-14T06:53:57","slug":"resenas","status":"publish","type":"page","link":"https:\/\/www.egypttoursplus.com\/es\/resenas\/","title":{"rendered":"Rese\u00f1as"},"content":{"rendered":"\n<section class=\"wp-block-morningmodules-text-media mt-text-media mt-text-media--align-media-right mt-text-media--align-media-mobile-bottom mtSpacing-bottom-small mtSpacing-top-small\"><div class=\"mt-text-media__inner\"><div class=\"mt-text-media__media-container\"><img decoding=\"async\" height=\"600\" sizes=\"(max-width: 792px) 100vw, 792px\" srcset=\"https:\/\/www.egypttoursplus.com\/wp-content\/uploads\/2025\/07\/Egypt-Tours-Plus-Reviews-3-792x600.webp 792w, https:\/\/www.egypttoursplus.com\/wp-content\/uploads\/2025\/07\/Egypt-Tours-Plus-Reviews-3-480x364.webp 480w, https:\/\/www.egypttoursplus.com\/wp-content\/uploads\/2025\/07\/Egypt-Tours-Plus-Reviews-3-1200x909.webp 1200w\" width=\"792\" class=\"\" src=\"https:\/\/www.egypttoursplus.com\/wp-content\/uploads\/2025\/07\/Egypt-Tours-Plus-Reviews-3-792x600.webp\" alt=\"Egypt Tours Plus Reviews\" style=\"object-position:center\"\/><\/div><div class=\"mt-text-media__text-container\"><h1 class=\"mt-title mt-text-media__title mt-title\">Rese\u00f1as de EgyptToursPlus<\/h1>\n<h3 class=\"wp-block-heading wp-block-paragraph\"><strong><strong><mark style=\"background-color:rgba(0, 0, 0, 0)\" class=\"has-inline-color has-mt-primary-color\">Excelente \u2605\u2605\u2605\u2605\u2605 4,9\/5<\/mark><\/strong><\/strong><\/h3>\n\n\n\n<p class=\"wp-block-paragraph\">\u00bfAcaba de regresar de un <a href=\"https:\/\/www.egypttoursplus.com\/egypt-tour-packages\/\">tour<\/a> con nosotros y le gustar\u00eda <a href=\"https:\/\/www.tripadvisor.com\/UserReviewEdit-g294201-d1627496-Egypt_Tours_Plus-Cairo_Cairo_Governorate.html\" target=\"_blank\" rel=\"noreferrer noopener nofollow\">escribir una rese\u00f1a<\/a>? Tal vez simplemente est\u00e9 buscando rese\u00f1as de Egypt Tours Plus de viajeros anteriores. Aunque llevamos en funcionamiento desde 1955, hace poco que hemos empezado a adquirir rese\u00f1as aqu\u00ed (abajo) y en <a href=\"https:\/\/www.tripadvisor.com\/Attraction_Review-g294201-d1627496-Reviews-Egypt_Tours_Plus-Cairo_Cairo_Governorate.html\" target=\"_blank\" rel=\"noreferrer noopener nofollow\">Tripadvisor<\/a>.  <\/p>\n\n\n\n<h2 class=\"wp-block-heading wp-block-paragraph\"><strong>\u00bfPor qu\u00e9 nos han <mark style=\"background-color:rgba(0, 0, 0, 0)\" class=\"has-inline-color has-mt-primary-color\">calificado como excelentes<\/mark> en Tripadvisor?<\/strong><\/h2>\n\n\n\n<p class=\"wp-block-paragraph\">Todo nuestro equipo de conserjes de viajes, especialistas en atenci\u00f3n al cliente y gu\u00edas locales est\u00e1n muy comprometidos a hacer realidad sus sue\u00f1os de viaje. \u00a1Su deseo es literalmente una orden para nosotros! Tambi\u00e9n creemos que las siguientes caracter\u00edsticas del tour pueden contribuir a nuestras altas calificaciones:  <\/p>\n\n\n\n<p class=\"wp-block-paragraph\"><mark style=\"background-color:rgba(0, 0, 0, 0)\" class=\"has-inline-color has-mt-primary-color\">\u2605<\/mark> Su propio gu\u00eda tur\u00edstico y conductor privados<\/p>\n\n\n\n<p class=\"wp-block-paragraph\"><mark style=\"background-color:rgba(0, 0, 0, 0)\" class=\"has-inline-color has-mt-primary-color\">\u2605<\/mark> Expertos en viajes con profunda experiencia local<\/p>\n\n\n\n<p class=\"wp-block-paragraph\"><mark style=\"background-color:rgba(0, 0, 0, 0)\" class=\"has-inline-color has-mt-primary-color\">\u2605<\/mark> Tours 100% personalizables<\/p>\n\n\n\n<p class=\"wp-block-paragraph\"><mark style=\"background-color:rgba(0, 0, 0, 0)\" class=\"has-inline-color has-mt-primary-color\">\u2605<\/mark> Servicio de atenci\u00f3n al cliente mundial 24\/7<\/p>\n<\/div><\/div><\/section>\n\n\n\n<div class=\"wp-block-group page-container mtSpacing-top-small mtSpacing-bottom-small is-layout-constrained wp-block-group-is-layout-constrained\">\n<script defer async src='https:\/\/cdn.trustindex.io\/loader.js?b93c6fe24c1002330926214e725'><\/script>\n<\/div>\n\n\n\n<section class=\"wp-block-morningmodules-logo-line mt-logo-line mtSpacing-bottom-small mtSpacing-top-small\"><div class=\"mt-logo-line__inner\"><div class=\"mt-logo-line__text-container\"><p class=\"mt-logo-line__text\"><mark style=\"background-color:rgba(0, 0, 0, 0)\" class=\"has-inline-color has-mt-primary-color\">Tripadvisor Travelers\u2019 Choice<\/mark><br><mark style=\"background-color:rgba(0, 0, 0, 0)\" class=\"has-inline-color has-mt-secondary-color\">6 a\u00f1os consecutivos<\/mark><\/p><\/div><div class=\"mt-logo-line__logos-container swiper\"><div class=\"swiper-wrapper\">\n<div class=\"wp-block-morningmodules-logo-line-logo mt-logo swiper-slide\" style=\"opacity:1\"><img decoding=\"async\" height=\"64\" sizes=\"(max-width: 64px) 100vw, 64px\" srcset=\"https:\/\/www.egypttoursplus.com\/wp-content\/uploads\/2025\/08\/Travelers-Choice-2025-2-64x64.jpg 64w, https:\/\/www.egypttoursplus.com\/wp-content\/uploads\/2025\/08\/Travelers-Choice-2025-2-300x300.jpg 300w, https:\/\/www.egypttoursplus.com\/wp-content\/uploads\/2025\/08\/Travelers-Choice-2025-2-1024x1024.jpg 1024w, https:\/\/www.egypttoursplus.com\/wp-content\/uploads\/2025\/08\/Travelers-Choice-2025-2-150x150.jpg 150w, https:\/\/www.egypttoursplus.com\/wp-content\/uploads\/2025\/08\/Travelers-Choice-2025-2-768x768.jpg 768w, https:\/\/www.egypttoursplus.com\/wp-content\/uploads\/2025\/08\/Travelers-Choice-2025-2-480x480.jpg 480w, https:\/\/www.egypttoursplus.com\/wp-content\/uploads\/2025\/08\/Travelers-Choice-2025-2.jpg 1464w\" width=\"64\" src=\"https:\/\/www.egypttoursplus.com\/wp-content\/uploads\/2025\/08\/Travelers-Choice-2025-2-64x64.jpg\" alt=\"TripAdvisor Traveler's Choice 2025\" class=\"mt-logo__logo\" style=\"max-height:64px;margin-top:0px\"\/><\/div>\n\n\n\n<div class=\"wp-block-morningmodules-logo-line-logo mt-logo swiper-slide\" style=\"opacity:1\"><img decoding=\"async\" height=\"64\" sizes=\"(max-width: 64px) 100vw, 64px\" srcset=\"https:\/\/www.egypttoursplus.com\/wp-content\/uploads\/2025\/08\/Travelers-Choice-2024-1-64x64.jpg 64w, https:\/\/www.egypttoursplus.com\/wp-content\/uploads\/2025\/08\/Travelers-Choice-2024-1-300x300.jpg 300w, https:\/\/www.egypttoursplus.com\/wp-content\/uploads\/2025\/08\/Travelers-Choice-2024-1-1024x1024.jpg 1024w, https:\/\/www.egypttoursplus.com\/wp-content\/uploads\/2025\/08\/Travelers-Choice-2024-1-150x150.jpg 150w, https:\/\/www.egypttoursplus.com\/wp-content\/uploads\/2025\/08\/Travelers-Choice-2024-1-768x769.jpg 768w, https:\/\/www.egypttoursplus.com\/wp-content\/uploads\/2025\/08\/Travelers-Choice-2024-1-480x480.jpg 480w, https:\/\/www.egypttoursplus.com\/wp-content\/uploads\/2025\/08\/Travelers-Choice-2024-1.jpg 1463w\" width=\"64\" src=\"https:\/\/www.egypttoursplus.com\/wp-content\/uploads\/2025\/08\/Travelers-Choice-2024-1-64x64.jpg\" alt=\"TripAdvisor Traveler's Choice 2024\" class=\"mt-logo__logo\" style=\"max-height:64px;margin-top:0px\"\/><\/div>\n\n\n\n<div class=\"wp-block-morningmodules-logo-line-logo mt-logo swiper-slide\" style=\"opacity:1\"><img decoding=\"async\" height=\"64\" sizes=\"(max-width: 64px) 100vw, 64px\" srcset=\"https:\/\/www.egypttoursplus.com\/wp-content\/uploads\/2025\/08\/Travelers-Choice-2023-1-64x64.jpg 64w, https:\/\/www.egypttoursplus.com\/wp-content\/uploads\/2025\/08\/Travelers-Choice-2023-1-300x300.jpg 300w, https:\/\/www.egypttoursplus.com\/wp-content\/uploads\/2025\/08\/Travelers-Choice-2023-1-1024x1024.jpg 1024w, https:\/\/www.egypttoursplus.com\/wp-content\/uploads\/2025\/08\/Travelers-Choice-2023-1-150x150.jpg 150w, https:\/\/www.egypttoursplus.com\/wp-content\/uploads\/2025\/08\/Travelers-Choice-2023-1-768x768.jpg 768w, https:\/\/www.egypttoursplus.com\/wp-content\/uploads\/2025\/08\/Travelers-Choice-2023-1-480x480.jpg 480w, https:\/\/www.egypttoursplus.com\/wp-content\/uploads\/2025\/08\/Travelers-Choice-2023-1.jpg 1464w\" width=\"64\" src=\"https:\/\/www.egypttoursplus.com\/wp-content\/uploads\/2025\/08\/Travelers-Choice-2023-1-64x64.jpg\" alt=\"TripAdvisor Traveler's Choice 2023\" class=\"mt-logo__logo\" style=\"max-height:64px;margin-top:0px\"\/><\/div>\n\n\n\n<div class=\"wp-block-morningmodules-logo-line-logo mt-logo swiper-slide\" style=\"opacity:1\"><img decoding=\"async\" height=\"64\" sizes=\"(max-width: 64px) 100vw, 64px\" srcset=\"https:\/\/www.egypttoursplus.com\/wp-content\/uploads\/2025\/08\/Travelers-Choice-2022-1-64x64.jpg 64w, https:\/\/www.egypttoursplus.com\/wp-content\/uploads\/2025\/08\/Travelers-Choice-2022-1-300x300.jpg 300w, https:\/\/www.egypttoursplus.com\/wp-content\/uploads\/2025\/08\/Travelers-Choice-2022-1-1024x1024.jpg 1024w, https:\/\/www.egypttoursplus.com\/wp-content\/uploads\/2025\/08\/Travelers-Choice-2022-1-150x150.jpg 150w, https:\/\/www.egypttoursplus.com\/wp-content\/uploads\/2025\/08\/Travelers-Choice-2022-1-768x769.jpg 768w, https:\/\/www.egypttoursplus.com\/wp-content\/uploads\/2025\/08\/Travelers-Choice-2022-1-480x480.jpg 480w, https:\/\/www.egypttoursplus.com\/wp-content\/uploads\/2025\/08\/Travelers-Choice-2022-1.jpg 1463w\" width=\"64\" src=\"https:\/\/www.egypttoursplus.com\/wp-content\/uploads\/2025\/08\/Travelers-Choice-2022-1-64x64.jpg\" alt=\"TripAdvisor Traveler's Choice 2022\" class=\"mt-logo__logo\" style=\"max-height:64px;margin-top:0px\"\/><\/div>\n\n\n\n<div class=\"wp-block-morningmodules-logo-line-logo mt-logo swiper-slide\" style=\"opacity:1\"><img decoding=\"async\" height=\"64\" sizes=\"(max-width: 64px) 100vw, 64px\" srcset=\"https:\/\/www.egypttoursplus.com\/wp-content\/uploads\/2025\/08\/Travelers-Choice-2021-1-64x64.jpg 64w, https:\/\/www.egypttoursplus.com\/wp-content\/uploads\/2025\/08\/Travelers-Choice-2021-1-300x300.jpg 300w, https:\/\/www.egypttoursplus.com\/wp-content\/uploads\/2025\/08\/Travelers-Choice-2021-1-1024x1024.jpg 1024w, https:\/\/www.egypttoursplus.com\/wp-content\/uploads\/2025\/08\/Travelers-Choice-2021-1-150x150.jpg 150w, https:\/\/www.egypttoursplus.com\/wp-content\/uploads\/2025\/08\/Travelers-Choice-2021-1-768x768.jpg 768w, https:\/\/www.egypttoursplus.com\/wp-content\/uploads\/2025\/08\/Travelers-Choice-2021-1-480x480.jpg 480w, https:\/\/www.egypttoursplus.com\/wp-content\/uploads\/2025\/08\/Travelers-Choice-2021-1.jpg 1464w\" width=\"64\" src=\"https:\/\/www.egypttoursplus.com\/wp-content\/uploads\/2025\/08\/Travelers-Choice-2021-1-64x64.jpg\" alt=\"TripAdvisor Traveler's Choice 2021\" class=\"mt-logo__logo\" style=\"max-height:64px;margin-top:0px\"\/><\/div>\n\n\n\n<div class=\"wp-block-morningmodules-logo-line-logo mt-logo swiper-slide\" style=\"opacity:1\"><img decoding=\"async\" height=\"64\" sizes=\"(max-width: 64px) 100vw, 64px\" srcset=\"https:\/\/www.egypttoursplus.com\/wp-content\/uploads\/2025\/09\/Tripadvisor-Travelers-2025-350-x-350-px-Png-01-64x64.png 64w, https:\/\/www.egypttoursplus.com\/wp-content\/uploads\/2025\/09\/Tripadvisor-Travelers-2025-350-x-350-px-Png-01-300x300.png 300w, https:\/\/www.egypttoursplus.com\/wp-content\/uploads\/2025\/09\/Tripadvisor-Travelers-2025-350-x-350-px-Png-01-1024x1024.png 1024w, https:\/\/www.egypttoursplus.com\/wp-content\/uploads\/2025\/09\/Tripadvisor-Travelers-2025-350-x-350-px-Png-01-150x150.png 150w, https:\/\/www.egypttoursplus.com\/wp-content\/uploads\/2025\/09\/Tripadvisor-Travelers-2025-350-x-350-px-Png-01-768x769.png 768w, https:\/\/www.egypttoursplus.com\/wp-content\/uploads\/2025\/09\/Tripadvisor-Travelers-2025-350-x-350-px-Png-01-480x480.png 480w, https:\/\/www.egypttoursplus.com\/wp-content\/uploads\/2025\/09\/Tripadvisor-Travelers-2025-350-x-350-px-Png-01.png 1463w\" width=\"64\" src=\"https:\/\/www.egypttoursplus.com\/wp-content\/uploads\/2025\/09\/Tripadvisor-Travelers-2025-350-x-350-px-Png-01-64x64.png\" alt=\"\" class=\"mt-logo__logo\" style=\"max-height:64px;margin-top:0px\"><\/div>\n<\/div><\/div><\/div><\/section>\n\n\n\n<div class=\"wp-block-group page-container mtSpacing-top-small mtSpacing-bottom-small is-layout-constrained wp-block-group-is-layout-constrained\">\n<script defer async src='https:\/\/cdn.trustindex.io\/loader.js?1f1930624ffe023e8c36ac7328d'><\/script>\n<\/div>\n","protected":false},"excerpt":{"rendered":"","protected":false},"author":1,"featured_media":133507,"parent":0,"menu_order":21,"comment_status":"closed","ping_status":"closed","template":"","meta":{"_acf_changed":false,"footnotes":""},"class_list":["post-104368","page","type-page","status-publish","has-post-thumbnail","hentry"],"acf":[],"_links":{"self":[{"href":"https:\/\/www.egypttoursplus.com\/es\/wp-json\/wp\/v2\/pages\/104368","targetHints":{"allow":["GET"]}}],"collection":[{"href":"https:\/\/www.egypttoursplus.com\/es\/wp-json\/wp\/v2\/pages"}],"about":[{"href":"https:\/\/www.egypttoursplus.com\/es\/wp-json\/wp\/v2\/types\/page"}],"author":[{"embeddable":true,"href":"https:\/\/www.egypttoursplus.com\/es\/wp-json\/wp\/v2\/users\/1"}],"replies":[{"embeddable":true,"href":"https:\/\/www.egypttoursplus.com\/es\/wp-json\/wp\/v2\/comments?post=104368"}],"version-history":[{"count":4,"href":"https:\/\/www.egypttoursplus.com\/es\/wp-json\/wp\/v2\/pages\/104368\/revisions"}],"predecessor-version":[{"id":104517,"href":"https:\/\/www.egypttoursplus.com\/es\/wp-json\/wp\/v2\/pages\/104368\/revisions\/104517"}],"wp:featuredmedia":[{"embeddable":true,"href":"https:\/\/www.egypttoursplus.com\/es\/wp-json\/wp\/v2\/media\/133507"}],"wp:attachment":[{"href":"https:\/\/www.egypttoursplus.com\/es\/wp-json\/wp\/v2\/media?parent=104368"}],"curies":[{"name":"wp","href":"https:\/\/api.w.org\/{rel}","templated":true}]}}