{"id":104370,"date":"2025-08-12T08:26:36","date_gmt":"2025-08-12T08:26:36","guid":{"rendered":"https:\/\/www.egypttoursplus.com\/?page_id=104370"},"modified":"2025-10-14T06:47:54","modified_gmt":"2025-10-14T06:47:54","slug":"avaliacoes","status":"publish","type":"page","link":"https:\/\/www.egypttoursplus.com\/pt\/avaliacoes\/","title":{"rendered":"Avalia\u00e7\u00f5es"},"content":{"rendered":"\n<section class=\"wp-block-morningmodules-text-media mt-text-media mt-text-media--align-media-right mt-text-media--align-media-mobile-bottom mtSpacing-bottom-small mtSpacing-top-small\"><div class=\"mt-text-media__inner\"><div class=\"mt-text-media__media-container\"><img decoding=\"async\" height=\"600\" sizes=\"(max-width: 792px) 100vw, 792px\" srcset=\"https:\/\/www.egypttoursplus.com\/wp-content\/uploads\/2025\/07\/Egypt-Tours-Plus-Reviews-3-792x600.webp 792w, https:\/\/www.egypttoursplus.com\/wp-content\/uploads\/2025\/07\/Egypt-Tours-Plus-Reviews-3-480x364.webp 480w, https:\/\/www.egypttoursplus.com\/wp-content\/uploads\/2025\/07\/Egypt-Tours-Plus-Reviews-3-1200x909.webp 1200w\" width=\"792\" class=\"\" src=\"https:\/\/www.egypttoursplus.com\/wp-content\/uploads\/2025\/07\/Egypt-Tours-Plus-Reviews-3-792x600.webp\" alt=\"Egypt Tours Plus Reviews\" style=\"object-position:center\"\/><\/div><div class=\"mt-text-media__text-container\"><h1 class=\"mt-title mt-text-media__title mt-title\">Avalia\u00e7\u00f5es EgyptToursPlus<\/h1>\n<h3 class=\"wp-block-heading wp-block-paragraph\"><strong><strong><mark style=\"background-color:rgba(0, 0, 0, 0)\" class=\"has-inline-color has-mt-primary-color\">Excelente \u2605\u2605\u2605\u2605\u2605 4,9\/5<\/mark><\/strong><\/strong><\/h3>\n\n\n\n<p class=\"wp-block-paragraph\">Acabou de regressar de uma <a href=\"https:\/\/www.egypttoursplus.com\/egypt-tour-packages\/\">excurs\u00e3o<\/a> connosco e gostaria de <a href=\"https:\/\/www.tripadvisor.com\/UserReviewEdit-g294201-d1627496-Egypt_Tours_Plus-Cairo_Cairo_Governorate.html\" target=\"_blank\" rel=\"noreferrer noopener nofollow\">escrever uma avalia\u00e7\u00e3o<\/a>? Talvez esteja apenas \u00e0 procura de avalia\u00e7\u00f5es da Egypt Tours Plus de viajantes anteriores. Embora estejamos em opera\u00e7\u00e3o desde 1955, s\u00f3 recentemente come\u00e7\u00e1mos a obter avalia\u00e7\u00f5es aqui (abaixo) e no <a href=\"https:\/\/www.tripadvisor.com\/Attraction_Review-g294201-d1627496-Reviews-Egypt_Tours_Plus-Cairo_Cairo_Governorate.html\" target=\"_blank\" rel=\"noreferrer noopener nofollow\">Tripadvisor<\/a>.  <\/p>\n\n\n\n<h3 class=\"wp-block-heading wp-block-paragraph\"><strong>Por que somos <mark style=\"background-color:rgba(0, 0, 0, 0)\" class=\"has-inline-color has-mt-primary-color\">nota m\u00e1xima<\/mark> no Tripadvisor?<\/strong><\/h3>\n\n\n\n<p class=\"wp-block-paragraph\">Toda a nossa equipa de Concierges de Viagem, Especialistas em Atendimento ao Cliente e Guias Locais est\u00e1 muito empenhada em tornar os seus sonhos de viagem realidade. O seu desejo \u00e9 literalmente uma ordem para n\u00f3s! Tamb\u00e9m acreditamos que as seguintes caracter\u00edsticas da excurs\u00e3o podem contribuir para as nossas altas classifica\u00e7\u00f5es:  <\/p>\n\n\n\n<p class=\"wp-block-paragraph\"><mark style=\"background-color:rgba(0, 0, 0, 0)\" class=\"has-inline-color has-mt-primary-color\">\u2605<\/mark> O seu pr\u00f3prio guia tur\u00edstico e motorista particular<\/p>\n\n\n\n<p class=\"wp-block-paragraph\"><mark style=\"background-color:rgba(0, 0, 0, 0)\" class=\"has-inline-color has-mt-primary-color\">\u2605<\/mark> Especialistas em viagens com conhecimento local<\/p>\n\n\n\n<p class=\"wp-block-paragraph\"><mark style=\"background-color:rgba(0, 0, 0, 0)\" class=\"has-inline-color has-mt-primary-color\">\u2605<\/mark> Excurs\u00f5es 100% personaliz\u00e1veis<\/p>\n\n\n\n<p class=\"wp-block-paragraph\"><mark style=\"background-color:rgba(0, 0, 0, 0)\" class=\"has-inline-color has-mt-primary-color\">\u2605<\/mark> Atendimento 24h, 7 dias por semana<\/p>\n<\/div><\/div><\/section>\n\n\n\n<div class=\"wp-block-group page-container mtSpacing-top-small mtSpacing-bottom-small is-layout-constrained wp-block-group-is-layout-constrained\">\n<script defer async src='https:\/\/cdn.trustindex.io\/loader.js?d5d36ba2469502392286bf50d8a'><\/script>\n<\/div>\n\n\n\n<section class=\"wp-block-morningmodules-logo-line mt-logo-line mtSpacing-bottom-small mtSpacing-top-small\"><div class=\"mt-logo-line__inner\"><div class=\"mt-logo-line__text-container\"><p class=\"mt-logo-line__text\"><mark style=\"background-color:rgba(0, 0, 0, 0)\" class=\"has-inline-color has-mt-primary-color\">Tripadvisor Travelers\u2019 Choice<\/mark><br><mark style=\"background-color:rgba(0, 0, 0, 0)\" class=\"has-inline-color has-mt-secondary-color\">6 anos consecutivos<\/mark><\/p><\/div><div class=\"mt-logo-line__logos-container swiper\"><div class=\"swiper-wrapper\">\n<div class=\"wp-block-morningmodules-logo-line-logo mt-logo swiper-slide\" style=\"opacity:1\"><img decoding=\"async\" height=\"64\" sizes=\"(max-width: 64px) 100vw, 64px\" srcset=\"https:\/\/www.egypttoursplus.com\/wp-content\/uploads\/2025\/08\/Travelers-Choice-2025-2-64x64.jpg 64w, https:\/\/www.egypttoursplus.com\/wp-content\/uploads\/2025\/08\/Travelers-Choice-2025-2-300x300.jpg 300w, https:\/\/www.egypttoursplus.com\/wp-content\/uploads\/2025\/08\/Travelers-Choice-2025-2-1024x1024.jpg 1024w, https:\/\/www.egypttoursplus.com\/wp-content\/uploads\/2025\/08\/Travelers-Choice-2025-2-150x150.jpg 150w, https:\/\/www.egypttoursplus.com\/wp-content\/uploads\/2025\/08\/Travelers-Choice-2025-2-768x768.jpg 768w, https:\/\/www.egypttoursplus.com\/wp-content\/uploads\/2025\/08\/Travelers-Choice-2025-2-480x480.jpg 480w, https:\/\/www.egypttoursplus.com\/wp-content\/uploads\/2025\/08\/Travelers-Choice-2025-2.jpg 1464w\" width=\"64\" src=\"https:\/\/www.egypttoursplus.com\/wp-content\/uploads\/2025\/08\/Travelers-Choice-2025-2-64x64.jpg\" alt=\"TripAdvisor Traveler's Choice 2025\" class=\"mt-logo__logo\" style=\"max-height:64px;margin-top:0px\"\/><\/div>\n\n\n\n<div class=\"wp-block-morningmodules-logo-line-logo mt-logo swiper-slide\" style=\"opacity:1\"><img decoding=\"async\" height=\"64\" sizes=\"(max-width: 64px) 100vw, 64px\" srcset=\"https:\/\/www.egypttoursplus.com\/wp-content\/uploads\/2025\/08\/Travelers-Choice-2024-1-64x64.jpg 64w, https:\/\/www.egypttoursplus.com\/wp-content\/uploads\/2025\/08\/Travelers-Choice-2024-1-300x300.jpg 300w, https:\/\/www.egypttoursplus.com\/wp-content\/uploads\/2025\/08\/Travelers-Choice-2024-1-1024x1024.jpg 1024w, https:\/\/www.egypttoursplus.com\/wp-content\/uploads\/2025\/08\/Travelers-Choice-2024-1-150x150.jpg 150w, https:\/\/www.egypttoursplus.com\/wp-content\/uploads\/2025\/08\/Travelers-Choice-2024-1-768x769.jpg 768w, https:\/\/www.egypttoursplus.com\/wp-content\/uploads\/2025\/08\/Travelers-Choice-2024-1-480x480.jpg 480w, https:\/\/www.egypttoursplus.com\/wp-content\/uploads\/2025\/08\/Travelers-Choice-2024-1.jpg 1463w\" width=\"64\" src=\"https:\/\/www.egypttoursplus.com\/wp-content\/uploads\/2025\/08\/Travelers-Choice-2024-1-64x64.jpg\" alt=\"TripAdvisor Traveler's Choice 2024\" class=\"mt-logo__logo\" style=\"max-height:64px;margin-top:0px\"\/><\/div>\n\n\n\n<div class=\"wp-block-morningmodules-logo-line-logo mt-logo swiper-slide\" style=\"opacity:1\"><img decoding=\"async\" height=\"64\" sizes=\"(max-width: 64px) 100vw, 64px\" srcset=\"https:\/\/www.egypttoursplus.com\/wp-content\/uploads\/2025\/08\/Travelers-Choice-2023-1-64x64.jpg 64w, https:\/\/www.egypttoursplus.com\/wp-content\/uploads\/2025\/08\/Travelers-Choice-2023-1-300x300.jpg 300w, https:\/\/www.egypttoursplus.com\/wp-content\/uploads\/2025\/08\/Travelers-Choice-2023-1-1024x1024.jpg 1024w, https:\/\/www.egypttoursplus.com\/wp-content\/uploads\/2025\/08\/Travelers-Choice-2023-1-150x150.jpg 150w, https:\/\/www.egypttoursplus.com\/wp-content\/uploads\/2025\/08\/Travelers-Choice-2023-1-768x768.jpg 768w, https:\/\/www.egypttoursplus.com\/wp-content\/uploads\/2025\/08\/Travelers-Choice-2023-1-480x480.jpg 480w, https:\/\/www.egypttoursplus.com\/wp-content\/uploads\/2025\/08\/Travelers-Choice-2023-1.jpg 1464w\" width=\"64\" src=\"https:\/\/www.egypttoursplus.com\/wp-content\/uploads\/2025\/08\/Travelers-Choice-2023-1-64x64.jpg\" alt=\"TripAdvisor Traveler's Choice 2023\" class=\"mt-logo__logo\" style=\"max-height:64px;margin-top:0px\"\/><\/div>\n\n\n\n<div class=\"wp-block-morningmodules-logo-line-logo mt-logo swiper-slide\" style=\"opacity:1\"><img decoding=\"async\" height=\"64\" sizes=\"(max-width: 64px) 100vw, 64px\" srcset=\"https:\/\/www.egypttoursplus.com\/wp-content\/uploads\/2025\/08\/Travelers-Choice-2022-1-64x64.jpg 64w, https:\/\/www.egypttoursplus.com\/wp-content\/uploads\/2025\/08\/Travelers-Choice-2022-1-300x300.jpg 300w, https:\/\/www.egypttoursplus.com\/wp-content\/uploads\/2025\/08\/Travelers-Choice-2022-1-1024x1024.jpg 1024w, https:\/\/www.egypttoursplus.com\/wp-content\/uploads\/2025\/08\/Travelers-Choice-2022-1-150x150.jpg 150w, https:\/\/www.egypttoursplus.com\/wp-content\/uploads\/2025\/08\/Travelers-Choice-2022-1-768x769.jpg 768w, https:\/\/www.egypttoursplus.com\/wp-content\/uploads\/2025\/08\/Travelers-Choice-2022-1-480x480.jpg 480w, https:\/\/www.egypttoursplus.com\/wp-content\/uploads\/2025\/08\/Travelers-Choice-2022-1.jpg 1463w\" width=\"64\" src=\"https:\/\/www.egypttoursplus.com\/wp-content\/uploads\/2025\/08\/Travelers-Choice-2022-1-64x64.jpg\" alt=\"TripAdvisor Traveler's Choice 2022\" class=\"mt-logo__logo\" style=\"max-height:64px;margin-top:0px\"\/><\/div>\n\n\n\n<div class=\"wp-block-morningmodules-logo-line-logo mt-logo swiper-slide\" style=\"opacity:1\"><img decoding=\"async\" height=\"64\" sizes=\"(max-width: 64px) 100vw, 64px\" srcset=\"https:\/\/www.egypttoursplus.com\/wp-content\/uploads\/2025\/08\/Travelers-Choice-2021-1-64x64.jpg 64w, https:\/\/www.egypttoursplus.com\/wp-content\/uploads\/2025\/08\/Travelers-Choice-2021-1-300x300.jpg 300w, https:\/\/www.egypttoursplus.com\/wp-content\/uploads\/2025\/08\/Travelers-Choice-2021-1-1024x1024.jpg 1024w, https:\/\/www.egypttoursplus.com\/wp-content\/uploads\/2025\/08\/Travelers-Choice-2021-1-150x150.jpg 150w, https:\/\/www.egypttoursplus.com\/wp-content\/uploads\/2025\/08\/Travelers-Choice-2021-1-768x768.jpg 768w, https:\/\/www.egypttoursplus.com\/wp-content\/uploads\/2025\/08\/Travelers-Choice-2021-1-480x480.jpg 480w, https:\/\/www.egypttoursplus.com\/wp-content\/uploads\/2025\/08\/Travelers-Choice-2021-1.jpg 1464w\" width=\"64\" src=\"https:\/\/www.egypttoursplus.com\/wp-content\/uploads\/2025\/08\/Travelers-Choice-2021-1-64x64.jpg\" alt=\"TripAdvisor Traveler's Choice 2021\" class=\"mt-logo__logo\" style=\"max-height:64px;margin-top:0px\"\/><\/div>\n\n\n\n<div class=\"wp-block-morningmodules-logo-line-logo mt-logo swiper-slide\" style=\"opacity:1\"><img decoding=\"async\" height=\"64\" sizes=\"(max-width: 64px) 100vw, 64px\" srcset=\"https:\/\/www.egypttoursplus.com\/wp-content\/uploads\/2025\/09\/Tripadvisor-Travelers-2025-350-x-350-px-Png-01-64x64.png 64w, https:\/\/www.egypttoursplus.com\/wp-content\/uploads\/2025\/09\/Tripadvisor-Travelers-2025-350-x-350-px-Png-01-300x300.png 300w, https:\/\/www.egypttoursplus.com\/wp-content\/uploads\/2025\/09\/Tripadvisor-Travelers-2025-350-x-350-px-Png-01-1024x1024.png 1024w, https:\/\/www.egypttoursplus.com\/wp-content\/uploads\/2025\/09\/Tripadvisor-Travelers-2025-350-x-350-px-Png-01-150x150.png 150w, https:\/\/www.egypttoursplus.com\/wp-content\/uploads\/2025\/09\/Tripadvisor-Travelers-2025-350-x-350-px-Png-01-768x769.png 768w, https:\/\/www.egypttoursplus.com\/wp-content\/uploads\/2025\/09\/Tripadvisor-Travelers-2025-350-x-350-px-Png-01-480x480.png 480w, https:\/\/www.egypttoursplus.com\/wp-content\/uploads\/2025\/09\/Tripadvisor-Travelers-2025-350-x-350-px-Png-01.png 1463w\" width=\"64\" src=\"https:\/\/www.egypttoursplus.com\/wp-content\/uploads\/2025\/09\/Tripadvisor-Travelers-2025-350-x-350-px-Png-01-64x64.png\" alt=\"\" class=\"mt-logo__logo\" style=\"max-height:64px;margin-top:0px\"><\/div>\n<\/div><\/div><\/div><\/section>\n\n\n\n<div class=\"wp-block-group page-container mtSpacing-top-small mtSpacing-bottom-small is-layout-constrained wp-block-group-is-layout-constrained\">\n<script defer async src='https:\/\/cdn.trustindex.io\/loader.js?47a8b74246160238d696b9b8155'><\/script>\n<\/div>\n","protected":false},"excerpt":{"rendered":"","protected":false},"author":1,"featured_media":133506,"parent":0,"menu_order":21,"comment_status":"closed","ping_status":"closed","template":"","meta":{"_acf_changed":false,"footnotes":""},"class_list":["post-104370","page","type-page","status-publish","has-post-thumbnail","hentry"],"acf":[],"_links":{"self":[{"href":"https:\/\/www.egypttoursplus.com\/pt\/wp-json\/wp\/v2\/pages\/104370","targetHints":{"allow":["GET"]}}],"collection":[{"href":"https:\/\/www.egypttoursplus.com\/pt\/wp-json\/wp\/v2\/pages"}],"about":[{"href":"https:\/\/www.egypttoursplus.com\/pt\/wp-json\/wp\/v2\/types\/page"}],"author":[{"embeddable":true,"href":"https:\/\/www.egypttoursplus.com\/pt\/wp-json\/wp\/v2\/users\/1"}],"replies":[{"embeddable":true,"href":"https:\/\/www.egypttoursplus.com\/pt\/wp-json\/wp\/v2\/comments?post=104370"}],"version-history":[{"count":4,"href":"https:\/\/www.egypttoursplus.com\/pt\/wp-json\/wp\/v2\/pages\/104370\/revisions"}],"predecessor-version":[{"id":104500,"href":"https:\/\/www.egypttoursplus.com\/pt\/wp-json\/wp\/v2\/pages\/104370\/revisions\/104500"}],"wp:featuredmedia":[{"embeddable":true,"href":"https:\/\/www.egypttoursplus.com\/pt\/wp-json\/wp\/v2\/media\/133506"}],"wp:attachment":[{"href":"https:\/\/www.egypttoursplus.com\/pt\/wp-json\/wp\/v2\/media?parent=104370"}],"curies":[{"name":"wp","href":"https:\/\/api.w.org\/{rel}","templated":true}]}}